{"id":214,"date":"2021-08-26T22:19:26","date_gmt":"2021-08-26T20:19:26","guid":{"rendered":"https:\/\/singlemaltwaasland.com\/?page_id=214"},"modified":"2021-08-29T21:55:47","modified_gmt":"2021-08-29T19:55:47","slug":"archief-2013","status":"publish","type":"page","link":"https:\/\/singlemaltwaasland.com\/index.php\/archief-2013\/","title":{"rendered":"Archief 2013"},"content":{"rendered":"\n<h3 class=\"wp-block-heading\" id=\"sites-page-title-header\">Zaterdag 14 december 2013 : cadeautasting<\/h3>\n\n\n\n<p>Geplaatst 17 dec. 2013 09:46 door Christ Coone &nbsp; [ 23 aug. 2021 22:59 bijgewerkt door Gino De Naeyer ]<\/p>\n\n\n\n<figure class=\"wp-block-table\"><table><tbody><tr><td>Het einde van het jaar nadert en om dit af te sluiten, kiezen we voor een cadeau tasting.<br>Misschien een ideale kans om een flesje aan te schaffen? (krijgen)<br><br>Openingsdram :Burnside 6Y blended&nbsp; 63,3% &nbsp;Anam na h-alba<br><br>Mortlach 1995 warehouse n\u00b08<br>Longmorn 1996&nbsp; 57.5% The ultimate&nbsp;<br>Springbank 14Y 58.2%&nbsp;OB &nbsp;for the nectar<br>Tamnavulin 1991 21Y 48.2% SMS<br>Tormore 1988 25Y 64.2% SMS <br>Port charlotte &nbsp;11 y 60,6 % Anam na h-alba&nbsp;<br>&nbsp;&nbsp; &nbsp;&nbsp; &nbsp; &nbsp; &nbsp; &nbsp; &nbsp;&nbsp; &nbsp; &nbsp; &nbsp; &nbsp; &nbsp; &nbsp; &nbsp; &nbsp; &nbsp; &nbsp; &nbsp; &nbsp; &nbsp; &nbsp; &nbsp; &nbsp; &nbsp; &nbsp; &nbsp; &nbsp; &nbsp; &nbsp; &nbsp; &nbsp; &nbsp; &nbsp; &nbsp; &nbsp; &nbsp; &nbsp; &nbsp; &nbsp; &nbsp;&nbsp;&nbsp; &nbsp; &nbsp; &nbsp; &nbsp; &nbsp; &nbsp; &nbsp; &nbsp; &nbsp; &nbsp; &nbsp; &nbsp; &nbsp; &nbsp; &nbsp; &nbsp; &nbsp; De inschrijvingsprijs bedraagt 25,00 \u20ac voor leden en 30,00 \u20ac voor niet-leden.&nbsp; &nbsp;<br>Zoals gewoonlijk gaat deze tasting door om 20:00 uur te Stekene (&#8216;t Croissantje).<\/td><\/tr><\/tbody><\/table><\/figure>\n\n\n\n<h3 class=\"wp-block-heading\" id=\"sites-page-title-header\">Vrijdag 22 november 2013 &#8211; Nikka tasting.<\/h3>\n\n\n\n<p>Geplaatst 24 nov. 2013 10:36 door Christ Coone &nbsp; [ 23 aug. 2021 22:23 bijgewerkt door Gino De Naeyer ]<\/p>\n\n\n\n<figure class=\"wp-block-table\"><table><tbody><tr><td>Deze speciale tasting gaat uitzonderlijk door op een vrijdagavond ,omdat we een gastspreker&nbsp;mogen verwelkomen.<br>Niemand minder dan&nbsp;<strong><em>Sayumi Oyama&nbsp;<\/em><\/strong>&nbsp;komt ons vergezellen.<br>Ze is brand ambassador voor Europa en werkzaam vanuit Parijs.<br>De whisky&#8217;s die worden voorgesteld zijn de volgende:<br><br>Nikka &nbsp;coffey grain 45 % &nbsp;50 cl.<br>Nikka from the barrel 51,4 % &nbsp;50 cl.<br>Yoichi 15 year &nbsp;45 %<br>Miyagikyo &nbsp;12Y &nbsp;45\u00b0&nbsp; &nbsp;<br>Taketsuru 12 year &nbsp;40%&nbsp; <br>Nikka black 43% 50 cl.&nbsp;&nbsp; &nbsp; &nbsp; &nbsp;&nbsp;&nbsp; &nbsp; &nbsp; &nbsp; &nbsp; &nbsp; &nbsp; &nbsp; &nbsp; &nbsp; &nbsp; &nbsp; &nbsp; &nbsp;&nbsp;&nbsp;&nbsp; &nbsp;&nbsp;&nbsp; &nbsp;&nbsp;&nbsp; &nbsp; &nbsp; &nbsp; &nbsp; &nbsp; &nbsp; &nbsp; &nbsp; &nbsp; &nbsp; &nbsp; &nbsp; &nbsp; &nbsp; &nbsp; &nbsp;<br>De inschrijvingsprijs bedraagt 25,00 \u20ac voor leden en 30,00 \u20ac voor niet-leden.&nbsp; <br>oals gewoonlijk gaat deze tasting door om 20:00 uur te Stekene (&#8216;t Croissantje).<\/td><\/tr><\/tbody><\/table><\/figure>\n\n\n\n<h3 class=\"wp-block-heading\" id=\"sites-page-title-header\">Zaterdag 19 oktober 2013 : The ultimate and Gordon &amp; MacPhail tasting.<\/h3>\n\n\n\n<p>Geplaatst 21 okt. 2013 13:40 door Christ Coone &nbsp; [ 23 aug. 2021 22:23 bijgewerkt door Gino De Naeyer ]<\/p>\n\n\n\n<figure class=\"wp-block-table\"><table><tbody><tr><td>The Ultimate collection is een serie die speciaal geselecteerd is door Han en Maurice van Wees voor The Ultimate Whisky Company in Nederland. <br>Zij zoeken naar de mooiste vaten whisky die te vinden zijn in Schotland om hiermee hun flessen te vullen. <br>Alle flessen uit deze serie zijn unchill filtered, genummerd, niet bijgekleurd, single barrel en, sinds 2005, afgebotteld op 46 % alcohol om zo de pure smaak van het geselecteerde vat in uw glas te laten komen.<br><br>Openingsdram : &nbsp;Deanston 1997 15Y Ultimate<br><br>Imperial 1995 46% ultimate&nbsp;<br>Imperial 1997 58.3% &nbsp;G&amp;M&nbsp;<br>Linkwood 1991 53.1% &nbsp;G&amp;M&nbsp;<br>Linkwood 1993 19Y 52.8% G&amp;M<br>Glen Keith 1992 46% Ultimate&nbsp;<br>Glen Keith 1993 46% G&amp; M<br>&nbsp;<br> &nbsp; &nbsp; &nbsp;&nbsp;&nbsp; + &nbsp; &nbsp; &nbsp;&nbsp;<strong>Big surprise<\/strong><br><br>De inschrijvingsprijs bedraagt 25,00 \u20ac voor leden en 30,00 \u20ac voor niet-leden.<br>Zoals gewoonlijk gaat deze tasting door om 20:00 uur te Stekene (&#8216;t Croissantje).<\/td><\/tr><\/tbody><\/table><\/figure>\n\n\n\n<h3 class=\"wp-block-heading\" id=\"sites-page-title-header\">Zaterdag 28 september 2013 :Blind tasting<\/h3>\n\n\n\n<p>Geplaatst 29 sep. 2013 11:13 door Christ Coone &nbsp; [ 23 aug. 2021 22:24 bijgewerkt door Gino De Naeyer ]<\/p>\n\n\n\n<figure class=\"wp-block-table\"><table><tbody><tr><td>Na het succes van onze blind tasting in 2012 doen we het nog eens over.<br>We tekenen dus weer present voor een gezellige en zeer plezante avond.&nbsp;<br>Wie wordt onze nieuwe&nbsp;winnaar ?<a href=\"https:\/\/sites.google.com\/site\/singlemaltwaasland\/archief\/archief-2013\/zaterdag28septemberblindtasting\/JW%20blind%20tastings2.jpg?attredirects=0\"><\/a><br><br>De inschrijvingsprijs bedraagt 25,00 \u20ac voor leden en 30,00 \u20ac voor niet-leden.<br>Zoals gewoonlijk gaat deze tasting door om 20:00 uur te Stekene (&#8216;t Croissantje).<\/td><\/tr><\/tbody><\/table><\/figure>\n\n\n\n<h3 class=\"wp-block-heading\" id=\"sites-page-title-header\">zaterdag 22 juni 2013 : The battle of the clubmembers.<\/h3>\n\n\n\n<p>Geplaatst 23 jun. 2013 21:32 door Christ Coone &nbsp; [ 23 aug. 2021 22:28 bijgewerkt door Gino De Naeyer ]<\/p>\n\n\n\n<figure class=\"wp-block-table\"><table><tbody><tr><td>In deze battle nemen<strong><em>&nbsp;Steven<\/em><\/strong>&nbsp;en<strong><em>&nbsp;Eric<\/em><\/strong>&nbsp;het tegen elkaar op.<br>De bedoeling is dat hun gekozen&nbsp;whisky&#8217;s&nbsp; tegen elkaar worden gezet en blind worden geproefd.<br>Er zijn dus 4 proefronden waarna er na iedere ronde &nbsp;telkens een &#8220;best of&#8221; &nbsp;wordt gekozen door de deelnemers aan de tasting.<br>De winnaar is telkens de whisky &nbsp;die de meeste stemmen weet te verzamelen per ronde. <br>Er zijn dus maximum 4 punten te verdienen.<br>Na elke ronde wordt de naam van de whisky bekend gemaakt .<br>( deelnemers kunnen een gokje wagen)<br><br>Wie van deze twee gaat de Battle winnen?<br><br>De inschrijvingsprijs bedraagt 25,00 \u20ac voor leden en 30,00 \u20ac voor niet-leden.<br>Zoals gewoonlijk gaat deze tasting door om 20:00 uur te Stekene (&#8216;t Croissantje).<\/td><\/tr><\/tbody><\/table><\/figure>\n\n\n\n<h3 class=\"wp-block-heading\" id=\"sites-page-title-header\">Zaterdag 25 mei 2013 : The New Release.<\/h3>\n\n\n\n<p>Geplaatst 27 mei 2013 10:53 door Christ Coone &nbsp; [ 23 aug. 2021 22:25 bijgewerkt door Gino De Naeyer ]<\/p>\n\n\n\n<figure class=\"wp-block-table\"><table><tbody><tr><td>Elk jaar komen er verschillende nieuwigheden op de whisky markt,<br>we zullen van het aanbod een selectie maken en de nodige background&nbsp;toelichten.<br><strong><em><u>Christof&nbsp;<\/u><\/em><\/strong>geeft er graag een woordje uitleg over.<br><br>Deze selectie zal iedereen weer verrassen<br><br>Openingsdram :Dufftown 2002 45.8%<br><br>Dailuaine 1998 46%&nbsp; C\u00e0rn M\u00f2r Stricly limited&nbsp;<br>Ledaig 2005&nbsp; 46%&nbsp;&nbsp;&nbsp; C\u00e0rn M\u00f2r Stricly limited<br>Invergorden 21Y&nbsp; 46% &nbsp;Cadenhead<br>Caol Ila 22Y 46% &nbsp;Cadenhead<br>Bunnahabhain 1991&nbsp; 21Y 45.8%&nbsp;&nbsp; Exclusive range<br>Imperial 1995&nbsp; 17Y 51.2 %&nbsp;&nbsp; Tony Koelh series&nbsp;&nbsp;&nbsp;<br>&nbsp; &nbsp; &nbsp; &nbsp; &nbsp; &nbsp; &nbsp; &nbsp; &nbsp; &nbsp; &nbsp; &nbsp; &nbsp; &nbsp; &nbsp; &nbsp; &nbsp; &nbsp; &nbsp; &nbsp; &nbsp; &nbsp; &nbsp; &nbsp; &nbsp; &nbsp; &nbsp; &nbsp; &nbsp; &nbsp; &nbsp; &nbsp; &nbsp; &nbsp; &nbsp; &nbsp; &nbsp; &nbsp; &nbsp; &nbsp; &nbsp; &nbsp; &nbsp; &nbsp; &nbsp; &nbsp; &nbsp; &nbsp; &nbsp; &nbsp; &nbsp; &nbsp; &nbsp;<a href=\"https:\/\/sites.google.com\/site\/singlemaltwaasland\/archief\/archief-2013\/zaterdag25meithenewrelease\/Imperial_17_year_5193a19028677.jpg?attredirects=0\"><\/a><br>De inschrijvingsprijs bedraagt 25,00 \u20ac voor leden en 30,00 \u20ac voor niet-leden.<br>Zoals gewoonlijk gaat deze tasting door om 20:00 uur te Stekene (&#8216;t Croissantje).&nbsp;&nbsp; &nbsp; &nbsp; &nbsp; &nbsp;<\/td><\/tr><\/tbody><\/table><\/figure>\n\n\n\n<h3 class=\"wp-block-heading\" id=\"sites-page-title-header\">zaterdag 9 maart 2013 &#8211; Whiskydiner met optreden van ballathum.<\/h3>\n\n\n\n<p>Geplaatst 20 mrt. 2013 16:50 door Christ Coone &nbsp; [ 23 aug. 2021 22:26 bijgewerkt door Gino De Naeyer ]<\/p>\n\n\n\n<figure class=\"wp-block-table\"><table><tbody><tr><td>Voor ons jaarlijks diner hebben we nu een nieuwe formule.<br>We hebben gekozen voor een gemengd buffet dat wordt verzorgd door dezelfde&nbsp;traiteur als op de BBQ.<br>Naar goede gewoonte krijgt iedereen een welkomsdram.<br><br>Aansluitend krijgen we nog een optreden van Ballathum .<br>Meer info over deze groep vind je op&nbsp;volgende site &nbsp;<a href=\"http:\/\/www.philippe-robrecht.com\/ballathum\/bio\/index.asp\">Ballathum<\/a>&nbsp;.<br>Voor wie de sfeer al eens wil opsnuiven kan al eens kijken naar volgend filmpje : <br>Fonnefeesten Lokeren <a rel=\"noreferrer noopener\" href=\"https:\/\/www.youtube.com\/embed\/91WbXB4twPA?rel=0&amp;wmode=opaque\" target=\"_blank\">https:\/\/www.youtube.com\/embed\/91WbXB4twPA?rel=0&amp;wmode=opaque<\/a><br><br>Het gemengd buffet is voorzien van een koud en een warm gedeelte.<br><br>Het koude gedeelte bestaat uit:<br>&#8211;&nbsp;Zalm belle vue<br>&#8211; Eitje gevuld met krabsalade<br>&#8211; Hamrolletjes met asperge<br>&#8211; Kippenboutjes met vers fruit<br>&#8211;&nbsp;Tomaat garnaal<br>&#8211;&nbsp;Perzik met tonijnsalade<br>&#8211;&nbsp;Rauwe ham met meloen<br>&#8211;&nbsp;Frikandon met kriekjes&nbsp;<br><br>Het warme gedeelte bestaat uit :<br>&#8211; Orloffgebraad met hoevekaas op een bed van champignons<br>&#8211; Kippenfilet provenciaal<br>&#8211;&nbsp;Zalmfilet met rauwe ham en een sausje met prei<br><br>Het buffet is voorzien van groenten,aardappelen,sausjes en brood.<br>Er wordt tevens een dessert voorzien.<br><br>Dit alles gaat door in het ontmoetingscentrum&nbsp; BOUDELO van Klein-Sinaai .(Kasteelstraat 22)&nbsp;<br>Aanvangsuur is voorzien om 19.00 u.&nbsp;<br>Prijs voor de leden is \u20ac 15,00 en voor de niet-leden \u20ac 40,00.<\/td><\/tr><\/tbody><\/table><\/figure>\n","protected":false},"excerpt":{"rendered":"<p>Zaterdag 14 december 2013 : cadeautasting Geplaatst 17 dec. 2013 09:46 door Christ Coone &nbsp; [ 23 aug. 2021 22:59 bijgewerkt door Gino De Naeyer ] Het einde van het jaar nadert en om dit af te sluiten, kiezen we voor een cadeau tasting.Misschien een ideale kans om een flesje aan te schaffen? (krijgen) Openingsdram&hellip; <a class=\"more-link\" href=\"https:\/\/singlemaltwaasland.com\/index.php\/archief-2013\/\">Continue reading <span class=\"screen-reader-text\">Archief 2013<\/span><\/a><\/p>\n","protected":false},"author":1,"featured_media":0,"parent":0,"menu_order":0,"comment_status":"closed","ping_status":"closed","template":"","meta":{"footnotes":""},"class_list":["post-214","page","type-page","status-publish","hentry","entry"],"_links":{"self":[{"href":"https:\/\/singlemaltwaasland.com\/index.php\/wp-json\/wp\/v2\/pages\/214","targetHints":{"allow":["GET"]}}],"collection":[{"href":"https:\/\/singlemaltwaasland.com\/index.php\/wp-json\/wp\/v2\/pages"}],"about":[{"href":"https:\/\/singlemaltwaasland.com\/index.php\/wp-json\/wp\/v2\/types\/page"}],"author":[{"embeddable":true,"href":"https:\/\/singlemaltwaasland.com\/index.php\/wp-json\/wp\/v2\/users\/1"}],"replies":[{"embeddable":true,"href":"https:\/\/singlemaltwaasland.com\/index.php\/wp-json\/wp\/v2\/comments?post=214"}],"version-history":[{"count":5,"href":"https:\/\/singlemaltwaasland.com\/index.php\/wp-json\/wp\/v2\/pages\/214\/revisions"}],"predecessor-version":[{"id":245,"href":"https:\/\/singlemaltwaasland.com\/index.php\/wp-json\/wp\/v2\/pages\/214\/revisions\/245"}],"wp:attachment":[{"href":"https:\/\/singlemaltwaasland.com\/index.php\/wp-json\/wp\/v2\/media?parent=214"}],"curies":[{"name":"wp","href":"https:\/\/api.w.org\/{rel}","templated":true}]}}